{"id":1241,"date":"2026-04-19T18:49:25","date_gmt":"2026-04-19T22:49:25","guid":{"rendered":"https:\/\/italianchefagency.com\/?page_id=1241"},"modified":"2026-04-19T18:57:53","modified_gmt":"2026-04-19T22:57:53","slug":"faq-2","status":"publish","type":"page","link":"https:\/\/italianchefagency.com\/it\/faq-2\/","title":{"rendered":"FAQ?"},"content":{"rendered":"\t\t<div data-elementor-type=\"wp-page\" data-elementor-id=\"1241\" class=\"elementor elementor-1241\" data-elementor-post-type=\"page\">\n\t\t\t\t<div class=\"elementor-element elementor-element-bd6e4b4 e-flex e-con-boxed e-con e-parent\" data-id=\"bd6e4b4\" data-element_type=\"container\" data-e-type=\"container\">\n\t\t\t\t\t<div class=\"e-con-inner\">\n\t\t\t\t<div class=\"elementor-element elementor-element-a9b870a elementor-widget elementor-widget-spacer\" data-id=\"a9b870a\" data-element_type=\"widget\" data-e-type=\"widget\" data-widget_type=\"spacer.default\">\n\t\t\t\t\t\t\t<div class=\"elementor-spacer\">\n\t\t\t<div class=\"elementor-spacer-inner\"><\/div>\n\t\t<\/div>\n\t\t\t\t\t\t<\/div>\n\t\t\t\t\t<\/div>\n\t\t\t\t<\/div>\n\t\t<div class=\"elementor-element elementor-element-4cf7068 e-flex e-con-boxed e-con e-parent\" data-id=\"4cf7068\" data-element_type=\"container\" data-e-type=\"container\">\n\t\t\t\t\t<div class=\"e-con-inner\">\n\t\t<div class=\"elementor-element elementor-element-75ca0d3 e-con-full e-flex e-con e-child\" data-id=\"75ca0d3\" data-element_type=\"container\" data-e-type=\"container\">\n\t\t\t\t<div class=\"elementor-element elementor-element-a0da255 elementor-widget elementor-widget-heading\" data-id=\"a0da255\" data-element_type=\"widget\" data-e-type=\"widget\" data-widget_type=\"heading.default\">\n\t\t\t\t\t<h2 class=\"elementor-heading-title elementor-size-default\">Employer FAQ<\/h2>\t\t\t\t<\/div>\n\t\t\t\t<\/div>\n\t\t<div class=\"elementor-element elementor-element-b0f7bdd e-con-full e-flex e-con e-child\" data-id=\"b0f7bdd\" data-element_type=\"container\" data-e-type=\"container\">\n\t\t\t\t<div class=\"elementor-element elementor-element-735ae14 elementor-widget elementor-widget-heading\" data-id=\"735ae14\" data-element_type=\"widget\" data-e-type=\"widget\" data-widget_type=\"heading.default\">\n\t\t\t\t\t<h2 class=\"elementor-heading-title elementor-size-default\">Job Seeker FAQ<\/h2>\t\t\t\t<\/div>\n\t\t\t\t<\/div>\n\t\t\t\t\t<\/div>\n\t\t\t\t<\/div>\n\t\t<div class=\"elementor-element elementor-element-c728981 e-flex e-con-boxed e-con e-parent\" data-id=\"c728981\" data-element_type=\"container\" data-e-type=\"container\">\n\t\t\t\t\t<div class=\"e-con-inner\">\n\t\t<div class=\"elementor-element elementor-element-48a9555 e-con-full e-flex e-con e-child\" data-id=\"48a9555\" data-element_type=\"container\" data-e-type=\"container\">\n\t\t\t\t<div class=\"elementor-element elementor-element-7bdf00f elementor-widget elementor-widget-htmega-accordion-addons\" data-id=\"7bdf00f\" data-element_type=\"widget\" data-e-type=\"widget\" data-widget_type=\"htmega-accordion-addons.default\">\n\t\t\t\t<div class=\"elementor-widget-container\">\n\t\t\t\t\t<div class=\"accordion\" id=\"accordionExample7bdf00f\">                            <div class=\"single_accourdion htmega-icon-align-right\">\n\n                                <div class=\"htmega-accourdion-title\">\n                                    <h2 data-toggle=\"htbcollapse\" data-target=\"#htmega-collapse17bdf00f\" class=\"htb-collapsed htmega-items-hedding\">What is the cost of a job listing? <span class=\"accourdion-icon close-accourdion\"><svg class=\"e-font-icon-svg e-fas-minus\" viewBox=\"0 0 448 512\" xmlns=\"http:\/\/www.w3.org\/2000\/svg\"><path d=\"M416 208H32c-17.67 0-32 14.33-32 32v32c0 17.67 14.33 32 32 32h384c17.67 0 32-14.33 32-32v-32c0-17.67-14.33-32-32-32z\"><\/path><\/svg><\/span><span class=\"accourdion-icon open-accourdion\"><svg class=\"e-font-icon-svg e-fas-plus\" viewBox=\"0 0 448 512\" xmlns=\"http:\/\/www.w3.org\/2000\/svg\"><path d=\"M416 208H272V64c0-17.67-14.33-32-32-32h-32c-17.67 0-32 14.33-32 32v144H32c-17.67 0-32 14.33-32 32v32c0 17.67 14.33 32 32 32h144v144c0 17.67 14.33 32 32 32h32c17.67 0 32-14.33 32-32V304h144c17.67 0 32-14.33 32-32v-32c0-17.67-14.33-32-32-32z\"><\/path><\/svg><\/span><\/h2>                                <\/div>\n\n                                <div id=\"htmega-collapse17bdf00f\" class=\"htb-collapse \" data-parent=\"#accordionExample7bdf00f\" >\n                                    <div class=\"accordion-content\">\n                                        <p>All standard job listings with ICA are free of charge.<\/p>                                    <\/div>\n                                <\/div>\n\n                            <\/div>\n\n                                                    <div class=\"single_accourdion htmega-icon-align-right\">\n\n                                <div class=\"htmega-accourdion-title\">\n                                    <h2 data-toggle=\"htbcollapse\" data-target=\"#htmega-collapse27bdf00f\" class=\"htb-collapsed htmega-items-hedding\">Do you offer candidate search assistance? <span class=\"accourdion-icon close-accourdion\"><svg class=\"e-font-icon-svg e-fas-minus\" viewBox=\"0 0 448 512\" xmlns=\"http:\/\/www.w3.org\/2000\/svg\"><path d=\"M416 208H32c-17.67 0-32 14.33-32 32v32c0 17.67 14.33 32 32 32h384c17.67 0 32-14.33 32-32v-32c0-17.67-14.33-32-32-32z\"><\/path><\/svg><\/span><span class=\"accourdion-icon open-accourdion\"><svg class=\"e-font-icon-svg e-fas-plus\" viewBox=\"0 0 448 512\" xmlns=\"http:\/\/www.w3.org\/2000\/svg\"><path d=\"M416 208H272V64c0-17.67-14.33-32-32-32h-32c-17.67 0-32 14.33-32 32v144H32c-17.67 0-32 14.33-32 32v32c0 17.67 14.33 32 32 32h144v144c0 17.67 14.33 32 32 32h32c17.67 0 32-14.33 32-32V304h144c17.67 0 32-14.33 32-32v-32c0-17.67-14.33-32-32-32z\"><\/path><\/svg><\/span><\/h2>                                <\/div>\n\n                                <div id=\"htmega-collapse27bdf00f\" class=\"htb-collapse \" data-parent=\"#accordionExample7bdf00f\" >\n                                    <div class=\"accordion-content\">\n                                        <p>Yes we offer candidate search assistance based on a gross annual salary percentage. Our rates are industry standard rates.<\/p>                                    <\/div>\n                                <\/div>\n\n                            <\/div>\n\n                                                    <div class=\"single_accourdion htmega-icon-align-right\">\n\n                                <div class=\"htmega-accourdion-title\">\n                                    <h2 data-toggle=\"htbcollapse\" data-target=\"#htmega-collapse37bdf00f\" class=\"htb-collapsed htmega-items-hedding\">How many Italian trained chefs does ICA represent? <span class=\"accourdion-icon close-accourdion\"><svg class=\"e-font-icon-svg e-fas-minus\" viewBox=\"0 0 448 512\" xmlns=\"http:\/\/www.w3.org\/2000\/svg\"><path d=\"M416 208H32c-17.67 0-32 14.33-32 32v32c0 17.67 14.33 32 32 32h384c17.67 0 32-14.33 32-32v-32c0-17.67-14.33-32-32-32z\"><\/path><\/svg><\/span><span class=\"accourdion-icon open-accourdion\"><svg class=\"e-font-icon-svg e-fas-plus\" viewBox=\"0 0 448 512\" xmlns=\"http:\/\/www.w3.org\/2000\/svg\"><path d=\"M416 208H272V64c0-17.67-14.33-32-32-32h-32c-17.67 0-32 14.33-32 32v144H32c-17.67 0-32 14.33-32 32v32c0 17.67 14.33 32 32 32h144v144c0 17.67 14.33 32 32 32h32c17.67 0 32-14.33 32-32V304h144c17.67 0 32-14.33 32-32v-32c0-17.67-14.33-32-32-32z\"><\/path><\/svg><\/span><\/h2>                                <\/div>\n\n                                <div id=\"htmega-collapse37bdf00f\" class=\"htb-collapse \" data-parent=\"#accordionExample7bdf00f\" >\n                                    <div class=\"accordion-content\">\n                                        <p>ICA's Italian Chef database is at present over 2000 chefs throughout the world.<\/p><p>Our network of chefs is over 7000 candidates that follow our website and Social media platforms.<\/p>                                    <\/div>\n                                <\/div>\n\n                            <\/div>\n\n                                                    <div class=\"single_accourdion htmega-icon-align-right\">\n\n                                <div class=\"htmega-accourdion-title\">\n                                    <h2 data-toggle=\"htbcollapse\" data-target=\"#htmega-collapse47bdf00f\" class=\"htb-collapsed htmega-items-hedding\">If I am a recruiter or a chef can I post a job? <span class=\"accourdion-icon close-accourdion\"><svg class=\"e-font-icon-svg e-fas-minus\" viewBox=\"0 0 448 512\" xmlns=\"http:\/\/www.w3.org\/2000\/svg\"><path d=\"M416 208H32c-17.67 0-32 14.33-32 32v32c0 17.67 14.33 32 32 32h384c17.67 0 32-14.33 32-32v-32c0-17.67-14.33-32-32-32z\"><\/path><\/svg><\/span><span class=\"accourdion-icon open-accourdion\"><svg class=\"e-font-icon-svg e-fas-plus\" viewBox=\"0 0 448 512\" xmlns=\"http:\/\/www.w3.org\/2000\/svg\"><path d=\"M416 208H272V64c0-17.67-14.33-32-32-32h-32c-17.67 0-32 14.33-32 32v144H32c-17.67 0-32 14.33-32 32v32c0 17.67 14.33 32 32 32h144v144c0 17.67 14.33 32 32 32h32c17.67 0 32-14.33 32-32V304h144c17.67 0 32-14.33 32-32v-32c0-17.67-14.33-32-32-32z\"><\/path><\/svg><\/span><\/h2>                                <\/div>\n\n                                <div id=\"htmega-collapse47bdf00f\" class=\"htb-collapse \" data-parent=\"#accordionExample7bdf00f\" >\n                                    <div class=\"accordion-content\">\n                                        <p>Yes, absolutely our standard job listings are open to all.<\/p><p>If you are already registered as a job seeker then we suggest you also create an employer profile with a different email address.<\/p>                                    <\/div>\n                                <\/div>\n\n                            <\/div>\n\n                        <\/div>\t\t\t\t<\/div>\n\t\t\t\t<\/div>\n\t\t\t\t<\/div>\n\t\t<div class=\"elementor-element elementor-element-75e9020 e-con-full e-flex e-con e-child\" data-id=\"75e9020\" data-element_type=\"container\" data-e-type=\"container\">\n\t\t\t\t<div class=\"elementor-element elementor-element-021ebb3 elementor-widget elementor-widget-htmega-accordion-addons\" data-id=\"021ebb3\" data-element_type=\"widget\" data-e-type=\"widget\" data-widget_type=\"htmega-accordion-addons.default\">\n\t\t\t\t<div class=\"elementor-widget-container\">\n\t\t\t\t\t<div class=\"accordion\" id=\"accordionExample021ebb3\">                            <div class=\"single_accourdion htmega-icon-align-right\">\n\n                                <div class=\"htmega-accourdion-title\">\n                                    <h2 data-toggle=\"htbcollapse\" data-target=\"#htmega-collapse1021ebb3\" class=\"htb-collapsed htmega-items-hedding\">What is the cost of applying to a job? <span class=\"accourdion-icon close-accourdion\"><svg class=\"e-font-icon-svg e-fas-minus\" viewBox=\"0 0 448 512\" xmlns=\"http:\/\/www.w3.org\/2000\/svg\"><path d=\"M416 208H32c-17.67 0-32 14.33-32 32v32c0 17.67 14.33 32 32 32h384c17.67 0 32-14.33 32-32v-32c0-17.67-14.33-32-32-32z\"><\/path><\/svg><\/span><span class=\"accourdion-icon open-accourdion\"><svg class=\"e-font-icon-svg e-fas-plus\" viewBox=\"0 0 448 512\" xmlns=\"http:\/\/www.w3.org\/2000\/svg\"><path d=\"M416 208H272V64c0-17.67-14.33-32-32-32h-32c-17.67 0-32 14.33-32 32v144H32c-17.67 0-32 14.33-32 32v32c0 17.67 14.33 32 32 32h144v144c0 17.67 14.33 32 32 32h32c17.67 0 32-14.33 32-32V304h144c17.67 0 32-14.33 32-32v-32c0-17.67-14.33-32-32-32z\"><\/path><\/svg><\/span><\/h2>                                <\/div>\n\n                                <div id=\"htmega-collapse1021ebb3\" class=\"htb-collapse \" data-parent=\"#accordionExample021ebb3\" >\n                                    <div class=\"accordion-content\">\n                                        <p><span class=\"Y2IQFc\" lang=\"it\" style=\"white-space: pre-wrap\">Tutte le candidature sono gratuite per tutti i candidati registrati. Puoi candidarti a un numero illimitato di offerte di lavoro.\/<\/span><\/p><p>Tutte le candidature sono gratuite per tutti i candidati registrati. Puoi candidarti a un numero illimitato di offerte di lavoro.Tutte le candidature sono gratuite per tutti i candidati registrati. Puoi candidarti a un numero illimitato di offerte di lavoro.All job applications are free to all registered\u00a0 job seekers. You can apply to as many jobs as you wish.<\/p>                                    <\/div>\n                                <\/div>\n\n                            <\/div>\n\n                                                    <div class=\"single_accourdion htmega-icon-align-right\">\n\n                                <div class=\"htmega-accourdion-title\">\n                                    <h2 data-toggle=\"htbcollapse\" data-target=\"#htmega-collapse2021ebb3\" class=\"htb-collapsed htmega-items-hedding\">Do I need to be an Italian chef to apply to jobs? <span class=\"accourdion-icon close-accourdion\"><svg class=\"e-font-icon-svg e-fas-minus\" viewBox=\"0 0 448 512\" xmlns=\"http:\/\/www.w3.org\/2000\/svg\"><path d=\"M416 208H32c-17.67 0-32 14.33-32 32v32c0 17.67 14.33 32 32 32h384c17.67 0 32-14.33 32-32v-32c0-17.67-14.33-32-32-32z\"><\/path><\/svg><\/span><span class=\"accourdion-icon open-accourdion\"><svg class=\"e-font-icon-svg e-fas-plus\" viewBox=\"0 0 448 512\" xmlns=\"http:\/\/www.w3.org\/2000\/svg\"><path d=\"M416 208H272V64c0-17.67-14.33-32-32-32h-32c-17.67 0-32 14.33-32 32v144H32c-17.67 0-32 14.33-32 32v32c0 17.67 14.33 32 32 32h144v144c0 17.67 14.33 32 32 32h32c17.67 0 32-14.33 32-32V304h144c17.67 0 32-14.33 32-32v-32c0-17.67-14.33-32-32-32z\"><\/path><\/svg><\/span><\/h2>                                <\/div>\n\n                                <div id=\"htmega-collapse2021ebb3\" class=\"htb-collapse \" data-parent=\"#accordionExample021ebb3\" >\n                                    <div class=\"accordion-content\">\n                                        <p>No, chiunque pu\u00f2 candidarsi a tutte le posizioni lavorative, a meno che l'annuncio non specifichi che la posizione \u00e8 aperta a candidati di nazionalit\u00e0 italiana. Tieni presente che non tutti i datori di lavoro offrono assistenza per il visto.\/<\/p><p>No, anyone can apply to all jobs unless the job states that it is open to Italian national candidates. Keep in mind not all employers offer visa assistance.<\/p>                                    <\/div>\n                                <\/div>\n\n                            <\/div>\n\n                                                    <div class=\"single_accourdion htmega-icon-align-right\">\n\n                                <div class=\"htmega-accourdion-title\">\n                                    <h2 data-toggle=\"htbcollapse\" data-target=\"#htmega-collapse3021ebb3\" class=\"htb-collapsed htmega-items-hedding\">Does ICA offer visa assistance? <span class=\"accourdion-icon close-accourdion\"><svg class=\"e-font-icon-svg e-fas-minus\" viewBox=\"0 0 448 512\" xmlns=\"http:\/\/www.w3.org\/2000\/svg\"><path d=\"M416 208H32c-17.67 0-32 14.33-32 32v32c0 17.67 14.33 32 32 32h384c17.67 0 32-14.33 32-32v-32c0-17.67-14.33-32-32-32z\"><\/path><\/svg><\/span><span class=\"accourdion-icon open-accourdion\"><svg class=\"e-font-icon-svg e-fas-plus\" viewBox=\"0 0 448 512\" xmlns=\"http:\/\/www.w3.org\/2000\/svg\"><path d=\"M416 208H272V64c0-17.67-14.33-32-32-32h-32c-17.67 0-32 14.33-32 32v144H32c-17.67 0-32 14.33-32 32v32c0 17.67 14.33 32 32 32h144v144c0 17.67 14.33 32 32 32h32c17.67 0 32-14.33 32-32V304h144c17.67 0 32-14.33 32-32v-32c0-17.67-14.33-32-32-32z\"><\/path><\/svg><\/span><\/h2>                                <\/div>\n\n                                <div id=\"htmega-collapse3021ebb3\" class=\"htb-collapse \" data-parent=\"#accordionExample021ebb3\" >\n                                    <div class=\"accordion-content\">\n                                        <p>ICA non offre assistenza per l'ottenimento del visto ai candidati. \/<\/p><p>ICA does not offer visa assistance for candidates.<\/p>                                    <\/div>\n                                <\/div>\n\n                            <\/div>\n\n                                                    <div class=\"single_accourdion htmega-icon-align-right\">\n\n                                <div class=\"htmega-accourdion-title\">\n                                    <h2 data-toggle=\"htbcollapse\" data-target=\"#htmega-collapse4021ebb3\" class=\"htb-collapsed htmega-items-hedding\">Are my personal details private? <span class=\"accourdion-icon close-accourdion\"><svg class=\"e-font-icon-svg e-fas-minus\" viewBox=\"0 0 448 512\" xmlns=\"http:\/\/www.w3.org\/2000\/svg\"><path d=\"M416 208H32c-17.67 0-32 14.33-32 32v32c0 17.67 14.33 32 32 32h384c17.67 0 32-14.33 32-32v-32c0-17.67-14.33-32-32-32z\"><\/path><\/svg><\/span><span class=\"accourdion-icon open-accourdion\"><svg class=\"e-font-icon-svg e-fas-plus\" viewBox=\"0 0 448 512\" xmlns=\"http:\/\/www.w3.org\/2000\/svg\"><path d=\"M416 208H272V64c0-17.67-14.33-32-32-32h-32c-17.67 0-32 14.33-32 32v144H32c-17.67 0-32 14.33-32 32v32c0 17.67 14.33 32 32 32h144v144c0 17.67 14.33 32 32 32h32c17.67 0 32-14.33 32-32V304h144c17.67 0 32-14.33 32-32v-32c0-17.67-14.33-32-32-32z\"><\/path><\/svg><\/span><\/h2>                                <\/div>\n\n                                <div id=\"htmega-collapse4021ebb3\" class=\"htb-collapse \" data-parent=\"#accordionExample021ebb3\" >\n                                    <div class=\"accordion-content\">\n                                        <p>Non condividiamo il tuo CV, i tuoi dati di contatto o qualsiasi altro materiale che ci invii con datori di lavoro o terze parti, a meno che tu non ci autorizzi espressamente a farlo per tuo conto. \/<\/p><p>We do not share your CV, contact details or any materials that you submit or send to us to employers or third parties unless you agree or express us to do so on your behalf.<\/p>                                    <\/div>\n                                <\/div>\n\n                            <\/div>\n\n                        <\/div>\t\t\t\t<\/div>\n\t\t\t\t<\/div>\n\t\t\t\t<\/div>\n\t\t\t\t\t<\/div>\n\t\t\t\t<\/div>\n\t\t<div class=\"elementor-element elementor-element-8f50449 e-flex e-con-boxed e-con e-parent\" data-id=\"8f50449\" data-element_type=\"container\" data-e-type=\"container\">\n\t\t\t\t\t<div class=\"e-con-inner\">\n\t\t\t\t<div class=\"elementor-element elementor-element-76e2da9 elementor-widget elementor-widget-spacer\" data-id=\"76e2da9\" data-element_type=\"widget\" data-e-type=\"widget\" data-widget_type=\"spacer.default\">\n\t\t\t\t\t\t\t<div class=\"elementor-spacer\">\n\t\t\t<div class=\"elementor-spacer-inner\"><\/div>\n\t\t<\/div>\n\t\t\t\t\t\t<\/div>\n\t\t\t\t\t<\/div>\n\t\t\t\t<\/div>\n\t\t<div class=\"elementor-element elementor-element-c367615 e-flex e-con-boxed e-con e-parent\" data-id=\"c367615\" data-element_type=\"container\" data-e-type=\"container\">\n\t\t\t\t\t<div class=\"e-con-inner\">\n\t\t\t\t<div class=\"elementor-element elementor-element-f927672 elementor-widget elementor-widget-heading\" data-id=\"f927672\" data-element_type=\"widget\" data-e-type=\"widget\" data-widget_type=\"heading.default\">\n\t\t\t\t\t<h2 class=\"elementor-heading-title elementor-size-default\">Have another question?    Hai un'altra domanda?<\/h2>\t\t\t\t<\/div>\n\t\t\t\t\t<\/div>\n\t\t\t\t<\/div>\n\t\t<div class=\"elementor-element elementor-element-ec74cb0 e-flex e-con-boxed e-con e-parent\" data-id=\"ec74cb0\" data-element_type=\"container\" data-e-type=\"container\">\n\t\t\t\t\t<div class=\"e-con-inner\">\n\t\t\t\t<div class=\"elementor-element elementor-element-630c2f8 elementor-button-align-start elementor-widget elementor-widget-form\" data-id=\"630c2f8\" data-element_type=\"widget\" data-e-type=\"widget\" data-settings=\"{&quot;button_width&quot;:&quot;20&quot;,&quot;step_next_label&quot;:&quot;Next&quot;,&quot;step_previous_label&quot;:&quot;Previous&quot;,&quot;step_type&quot;:&quot;number_text&quot;,&quot;step_icon_shape&quot;:&quot;circle&quot;}\" data-widget_type=\"form.default\">\n\t\t\t\t\t\t\t<form class=\"elementor-form\" method=\"post\" name=\"New Form\" aria-label=\"New Form\">\n\t\t\t<input type=\"hidden\" name=\"post_id\" value=\"1241\"\/>\n\t\t\t<input type=\"hidden\" name=\"form_id\" value=\"630c2f8\"\/>\n\t\t\t<input type=\"hidden\" name=\"referer_title\" value=\"Faq\" \/>\n\n\t\t\t\t\t\t\t<input type=\"hidden\" name=\"queried_id\" value=\"1241\"\/>\n\t\t\t\n\t\t\t<div class=\"elementor-form-fields-wrapper elementor-labels-above\">\n\t\t\t\t\t\t\t\t<div class=\"elementor-field-type-text elementor-field-group elementor-column elementor-field-group-name elementor-col-50 elementor-field-required\">\n\t\t\t\t\t\t\t\t\t\t\t\t<label for=\"form-field-name\" class=\"elementor-field-label\">\n\t\t\t\t\t\t\t\tNome\/Name\t\t\t\t\t\t\t<\/label>\n\t\t\t\t\t\t\t\t\t\t\t\t\t\t<input size=\"1\" type=\"text\" name=\"form_fields[name]\" id=\"form-field-name\" class=\"elementor-field elementor-size-sm  elementor-field-textual\" placeholder=\"Nome\/Name\" required=\"required\">\n\t\t\t\t\t\t\t\t\t\t\t<\/div>\n\t\t\t\t\t\t\t\t<div class=\"elementor-field-type-email elementor-field-group elementor-column elementor-field-group-email elementor-col-50 elementor-field-required\">\n\t\t\t\t\t\t\t\t\t\t\t\t<label for=\"form-field-email\" class=\"elementor-field-label\">\n\t\t\t\t\t\t\t\tEmail\t\t\t\t\t\t\t<\/label>\n\t\t\t\t\t\t\t\t\t\t\t\t\t\t<input size=\"1\" type=\"email\" name=\"form_fields[email]\" id=\"form-field-email\" class=\"elementor-field elementor-size-sm  elementor-field-textual\" placeholder=\"Email\" required=\"required\">\n\t\t\t\t\t\t\t\t\t\t\t<\/div>\n\t\t\t\t\t\t\t\t<div class=\"elementor-field-type-textarea elementor-field-group elementor-column elementor-field-group-message elementor-col-100 elementor-field-required\">\n\t\t\t\t\t\t\t\t\t\t\t\t<label for=\"form-field-message\" class=\"elementor-field-label\">\n\t\t\t\t\t\t\t\tMessage\/Message\t\t\t\t\t\t\t<\/label>\n\t\t\t\t\t\t<textarea class=\"elementor-field-textual elementor-field  elementor-size-sm\" name=\"form_fields[message]\" id=\"form-field-message\" rows=\"4\" placeholder=\"Message\/Message\" required=\"required\"><\/textarea>\t\t\t\t<\/div>\n\t\t\t\t\t\t\t\t<div class=\"elementor-field-group elementor-column elementor-field-type-submit elementor-col-20 e-form__buttons\">\n\t\t\t\t\t<button class=\"elementor-button elementor-size-sm\" type=\"submit\">\n\t\t\t\t\t\t<span class=\"elementor-button-content-wrapper\">\n\t\t\t\t\t\t\t\t\t\t\t\t\t\t\t\t\t\t\t\t\t\t<span class=\"elementor-button-text\">Inviare\/Send<\/span>\n\t\t\t\t\t\t\t\t\t\t\t\t\t<\/span>\n\t\t\t\t\t<\/button>\n\t\t\t\t<\/div>\n\t\t\t<\/div>\n\t\t<\/form>\n\t\t\t\t\t\t<\/div>\n\t\t\t\t\t<\/div>\n\t\t\t\t<\/div>\n\t\t\t\t<\/div>\n\t\t","protected":false},"excerpt":{"rendered":"<p>Employer FAQ Job Seeker FAQ What is the cost of a job listing? All standard job listings with ICA are free of charge. Do you offer candidate search assistance? Yes we offer candidate search assistance based on a gross annual salary percentage. Our rates are industry standard rates. How many Italian trained chefs does ICA [&hellip;]<\/p>\n","protected":false},"author":1,"featured_media":0,"parent":0,"menu_order":0,"comment_status":"closed","ping_status":"closed","template":"","meta":{"_uf_show_specific_survey":0,"_uf_disable_surveys":false,"advanced_seo_description":"","jetpack_seo_html_title":"","jetpack_seo_noindex":false,"footnotes":""},"class_list":["post-1241","page","type-page","status-publish","hentry"],"jetpack_sharing_enabled":true,"_links":{"self":[{"href":"https:\/\/italianchefagency.com\/it\/wp-json\/wp\/v2\/pages\/1241","targetHints":{"allow":["GET"]}}],"collection":[{"href":"https:\/\/italianchefagency.com\/it\/wp-json\/wp\/v2\/pages"}],"about":[{"href":"https:\/\/italianchefagency.com\/it\/wp-json\/wp\/v2\/types\/page"}],"author":[{"embeddable":true,"href":"https:\/\/italianchefagency.com\/it\/wp-json\/wp\/v2\/users\/1"}],"replies":[{"embeddable":true,"href":"https:\/\/italianchefagency.com\/it\/wp-json\/wp\/v2\/comments?post=1241"}],"version-history":[{"count":8,"href":"https:\/\/italianchefagency.com\/it\/wp-json\/wp\/v2\/pages\/1241\/revisions"}],"predecessor-version":[{"id":1252,"href":"https:\/\/italianchefagency.com\/it\/wp-json\/wp\/v2\/pages\/1241\/revisions\/1252"}],"wp:attachment":[{"href":"https:\/\/italianchefagency.com\/it\/wp-json\/wp\/v2\/media?parent=1241"}],"curies":[{"name":"wp","href":"https:\/\/api.w.org\/{rel}","templated":true}]}}